

{"id":2504,"date":"2024-08-29T18:58:40","date_gmt":"2024-08-29T18:58:40","guid":{"rendered":"https:\/\/dogbikers.us\/politicas-de-reembolso\/"},"modified":"2024-08-29T18:58:40","modified_gmt":"2024-08-29T18:58:40","slug":"politicas-de-reembolso","status":"publish","type":"page","link":"https:\/\/dogbikers.us\/es\/politicas-de-reembolso\/","title":{"rendered":"Politicas de Reembolso"},"content":{"rendered":"<h5 class=\"\\&quot;wp-block-heading\\&quot; wp-block-heading\" style=\"\\\"padding-top:var(--wp--preset--spacing--70);padding-right:50px;padding-bottom:0;padding-left:50px\\\"\">Pol\u00edtica de reembolso<\/h5>\n\n\n\n<p style=\"\\\"padding-right:50px;padding-left:50px\\\"\">Una vez realizado el pago y enviado un correo electr\u00f3nico de confirmaci\u00f3n, tienes 5 d\u00edas a partir de la fecha de compra para solicitar un reembolso completo. Despu\u00e9s del d\u00eda 5, no se emitir\u00e1n reembolsos.<\/p>\n\n\n\n<p style=\"\\\"padding-right:50px;padding-left:50px\\\"\">El reembolso se procesar\u00e1 dentro de los siguientes 15 d\u00edas h\u00e1biles directamente a la cuenta bancaria elegida por el comprador.<\/p>\n\n\n\n<p style=\"\\\"padding-right:50px;padding-left:50px\\\"\"><strong>Pruebas y cupones<\/strong>&nbsp;:<\/p>\n\n\n\n<ul class=\"\\&quot;wp-block-list\\&quot; wp-block-list\">\n<li style=\"\\\"padding-right:50px;padding-left:50px\\\"\">DOG BIKERS no ofrece un per\u00edodo de prueba.<\/li>\n\n\n\n<li style=\"\\\"padding-right:50px;padding-left:50px\\\"\">DOG BIKERS no acepta ning\u00fan tipo de cupones.<\/li>\n<\/ul>\n\n\n\n<p style=\"\\\"padding-right:50px;padding-left:50px\\\"\"><strong>Propiedad intelectual<\/strong>&nbsp;: Todo el contenido proporcionado por DOG BIKERS en dogbikers.us, incluidos los accesorios y soportes, el material audiovisual y fotogr\u00e1fico, representa a DOG BIKERS. Todos los logotipos, esl\u00f3ganes y lemas (colectivamente e individualmente) est\u00e1n protegidos por las leyes de marca registrada y derechos de autor.<\/p>\n\n\n\n<p style=\"\\\"padding-right:50px;padding-left:50px\\\"\">No podr\u00e1 modificar, publicar, transmitir, transferir, vender, reproducir, cargar, ejecutar, exhibir, crear trabajos derivados de, ni explotar de otro modo dicho contenido ni distribuirlo a ninguna otra computadora, servidor, sitio web u otro medio para su publicaci\u00f3n, distribuci\u00f3n o cualquier prop\u00f3sito comercial, excepto seg\u00fan lo permita expresamente DOG BIKERS en este Acuerdo. La copia no autorizada de contenido puede resultar en la cancelaci\u00f3n de la cuenta, prohibici\u00f3n de ventas y otras acciones legales.<\/p>\n\n\n\n<p style=\"\\\"padding-right:50px;padding-left:50px\\\"\"><strong>LEA ATENTAMENTE ESTOS T\u00c9RMINOS<\/strong>&nbsp;, ya que contienen informaci\u00f3n importante sobre sus derechos, recursos y obligaciones legales.&nbsp;<a href=\"\/es\/\"https:>Estos incluyen diversas limitaciones, exclusiones y una cl\u00e1usula de resoluci\u00f3n de disputas que rige c\u00f3mo se resolver\u00e1n las disputas<\/a>&nbsp;.<\/p>\n\n\n\n<h5 class=\"\\&quot;wp-block-heading\\&quot; wp-block-heading\" style=\"\\\"padding-right:50px;padding-left:50px\\\"\">\u00bfNecesitar ayuda?<\/h5>\n\n\n\n<p style=\"\\\"padding-right:50px;padding-left:50px\\\"\">Cont\u00e1ctenos en contact@dogbikers.com para preguntas relacionadas con reembolsos y devoluciones.<\/p>","protected":false},"excerpt":{"rendered":"<p>Pol\u00edtica de reembolso Una vez realizado el pago y enviado un correo electr\u00f3nico de confirmaci\u00f3n, tienes 5 d\u00edas a partir de la fecha de compra para solicitar un reembolso completo. Despu\u00e9s del d\u00eda 5, no se emitir\u00e1n reembolsos. El reembolso se procesar\u00e1 dentro de los siguientes 15 d\u00edas h\u00e1biles directamente a la cuenta bancaria elegida [&hellip;]<\/p>\n","protected":false},"author":1,"featured_media":0,"parent":0,"menu_order":0,"comment_status":"closed","ping_status":"closed","template":"","meta":{"_uag_custom_page_level_css":"","site-sidebar-layout":"default","site-content-layout":"","ast-site-content-layout":"default","site-content-style":"default","site-sidebar-style":"default","ast-global-header-display":"","ast-banner-title-visibility":"","ast-main-header-display":"","ast-hfb-above-header-display":"","ast-hfb-below-header-display":"","ast-hfb-mobile-header-display":"","site-post-title":"disabled","ast-breadcrumbs-content":"","ast-featured-img":"","footer-sml-layout":"","theme-transparent-header-meta":"","adv-header-id-meta":"","stick-header-meta":"","header-above-stick-meta":"","header-main-stick-meta":"","header-below-stick-meta":"","astra-migrate-meta-layouts":"set","ast-page-background-enabled":"default","ast-page-background-meta":{"desktop":{"background-color":"","background-image":"","background-repeat":"repeat","background-position":"center center","background-size":"auto","background-attachment":"scroll","background-type":"","background-media":"","overlay-type":"","overlay-color":"","overlay-opacity":"","overlay-gradient":""},"tablet":{"background-color":"","background-image":"","background-repeat":"repeat","background-position":"center center","background-size":"auto","background-attachment":"scroll","background-type":"","background-media":"","overlay-type":"","overlay-color":"","overlay-opacity":"","overlay-gradient":""},"mobile":{"background-color":"","background-image":"","background-repeat":"repeat","background-position":"center center","background-size":"auto","background-attachment":"scroll","background-type":"","background-media":"","overlay-type":"","overlay-color":"","overlay-opacity":"","overlay-gradient":""}},"ast-content-background-meta":{"desktop":{"background-color":"var(--ast-global-color-5)","background-image":"","background-repeat":"repeat","background-position":"center center","background-size":"auto","background-attachment":"scroll","background-type":"","background-media":"","overlay-type":"","overlay-color":"","overlay-opacity":"","overlay-gradient":""},"tablet":{"background-color":"var(--ast-global-color-5)","background-image":"","background-repeat":"repeat","background-position":"center center","background-size":"auto","background-attachment":"scroll","background-type":"","background-media":"","overlay-type":"","overlay-color":"","overlay-opacity":"","overlay-gradient":""},"mobile":{"background-color":"var(--ast-global-color-5)","background-image":"","background-repeat":"repeat","background-position":"center center","background-size":"auto","background-attachment":"scroll","background-type":"","background-media":"","overlay-type":"","overlay-color":"","overlay-opacity":"","overlay-gradient":""}},"ngg_post_thumbnail":0,"footnotes":""},"class_list":["post-2504","page","type-page","status-publish","hentry"],"uagb_featured_image_src":{"full":false,"thumbnail":false,"medium":false,"medium_large":false,"large":false,"1536x1536":false,"2048x2048":false,"trp-custom-language-flag":false,"woocommerce_thumbnail":false,"woocommerce_single":false,"woocommerce_gallery_thumbnail":false},"uagb_author_info":{"display_name":"admin","author_link":"https:\/\/dogbikers.us\/es\/author\/admin\/"},"uagb_comment_info":0,"uagb_excerpt":"Pol\u00edtica de reembolso Una vez realizado el pago y enviado un correo electr\u00f3nico de confirmaci\u00f3n, tienes 5 d\u00edas a partir de la fecha de compra para solicitar un reembolso completo. Despu\u00e9s del d\u00eda 5, no se emitir\u00e1n reembolsos. El reembolso se procesar\u00e1 dentro de los siguientes 15 d\u00edas h\u00e1biles directamente a la cuenta bancaria elegida&hellip;","jetpack_sharing_enabled":true,"_links":{"self":[{"href":"https:\/\/dogbikers.us\/es\/wp-json\/wp\/v2\/pages\/2504","targetHints":{"allow":["GET"]}}],"collection":[{"href":"https:\/\/dogbikers.us\/es\/wp-json\/wp\/v2\/pages"}],"about":[{"href":"https:\/\/dogbikers.us\/es\/wp-json\/wp\/v2\/types\/page"}],"author":[{"embeddable":true,"href":"https:\/\/dogbikers.us\/es\/wp-json\/wp\/v2\/users\/1"}],"replies":[{"embeddable":true,"href":"https:\/\/dogbikers.us\/es\/wp-json\/wp\/v2\/comments?post=2504"}],"version-history":[{"count":0,"href":"https:\/\/dogbikers.us\/es\/wp-json\/wp\/v2\/pages\/2504\/revisions"}],"wp:attachment":[{"href":"https:\/\/dogbikers.us\/es\/wp-json\/wp\/v2\/media?parent=2504"}],"curies":[{"name":"wp","href":"https:\/\/api.w.org\/{rel}","templated":true}]}}